{"id":89,"date":"2018-05-01T11:02:29","date_gmt":"2018-05-01T09:02:29","guid":{"rendered":"http:\/\/katina-georgoulas.de\/wordpress\/?page_id=89"},"modified":"2025-02-09T22:27:07","modified_gmt":"2025-02-09T21:27:07","slug":"katina-georgoulas","status":"publish","type":"page","link":"https:\/\/www.katina-georgoulas.de\/","title":{"rendered":"Katina Georgoulas"},"content":{"rendered":"<p class=\"s3\"><span class=\"s2\"><img decoding=\"async\" class=\"alignnone wp-image-436 size-medium\" src=\"https:\/\/www.katina-georgoulas.de\/wp-content\/uploads\/2025\/02\/Portraet-2024-225x300.jpg\" alt=\"\" width=\"225\" height=\"300\" srcset=\"https:\/\/www.katina-georgoulas.de\/wp-content\/uploads\/2025\/02\/Portraet-2024-225x300.jpg 225w, https:\/\/www.katina-georgoulas.de\/wp-content\/uploads\/2025\/02\/Portraet-2024-768x1024.jpg 768w, https:\/\/www.katina-georgoulas.de\/wp-content\/uploads\/2025\/02\/Portraet-2024-1152x1536.jpg 1152w, https:\/\/www.katina-georgoulas.de\/wp-content\/uploads\/2025\/02\/Portraet-2024-1536x2048.jpg 1536w, https:\/\/www.katina-georgoulas.de\/wp-content\/uploads\/2025\/02\/Portraet-2024-scaled.jpg 1920w\" sizes=\"(max-width: 225px) 100vw, 225px\" \/>Kunst ist ein zentraler Punkt meines Lebens. Mein Studium der Freien Malerei hat mir erm\u00f6glicht, mich mit der Zeichnung und Malerei intensiv auseinander zu setzen. Das Gegenst\u00e4ndliche, das Portr\u00e4t als auch der Mensch waren und sind Themen, die mich antreiben. Die Kraft der Farbe und die Bewegung der Zeichnung, des Striches sind dabei gleichwertig, so dass auch Abstraktionen entstehen. Einen Raum schaffen auf der Leinwand, der den Lebensrythmus ver\u00e4ndert, der die Luft zum Schwingen bringt, gibt mir eine Freiheit, die ich sonst nicht erreichen kann.<\/span><\/p>\n<p class=\"s3\"><span class=\"s2\">Durch die Fotografie, die mich seither begleitet, geh\u00f6ren thematisch ebenso die Natur und die Pflanzen in mein k\u00fcnstlerisches Schaffen. Hier findet eine wechselseitige Befruchtung zwischen Malerei und Fotografie statt. Sowohl werden Fotografien malerisch umgesetzt, als auch Fotografien digital bearbeitet, die damit eigene k\u00fcnstlerische Aussagen bekommen.<\/span><\/p>\n<p class=\"s3\"><span class=\"s2\">Mein famili\u00e4rer Hintergrund als Halbgriechin hat mich in den Bereich des Wortes gef\u00fchrt. Der tiefe Wunsch, die Sprache meines Vaters zu verstehen und seine Wurzeln, die ja auch meine sind, mit Hilfe der k\u00fcnstlerischen M\u00f6glichkeiten zu ergr\u00fcnden, sehe ich als Herausforderung. Die Installationen mit &nbsp;Plexiglas, Stahl, &nbsp;Worten und Text sind ein Teil davon. <\/span><\/p>\n<p class=\"s3\"><span class=\"s2\">Um die Bereiche noch mehr miteinander zu verzahnen, plane ich Text mit Malerei\/Zeichnung &nbsp;zu gestalten. \u201eHeimat\u201c wird hierbei einer der Leitgedanken sein, die diesen k\u00fcnstlerischen Prozess begleiten wird.<\/span><\/p>\n<p class=\"s3\"><span class=\"s2\">Ich hoffe, ich habe Ihr Interesse an meiner Arbeit geweckt und w\u00fcrde mich \u00fcber eine positive Resonanz sehr freuen. F\u00fcr ein pers\u00f6nliches Gespr\u00e4ch oder einen Besuch in meinem Atelier bin ich offen und freue mich auf einen Austausch.<\/span><\/p>\n","protected":false},"excerpt":{"rendered":"<p>Kunst ist ein zentraler Punkt meines Lebens. Mein Studium der Freien Malerei hat mir erm\u00f6glicht, mich mit der Zeichnung und Malerei intensiv auseinander zu setzen. Das Gegenst\u00e4ndliche, das Portr\u00e4t als auch der Mensch waren und sind Themen, die mich antreiben. Die Kraft der Farbe und die Bewegung der Zeichnung, des Striches sind dabei gleichwertig, so &hellip; <\/p>\n<p class=\"link-more\"><a href=\"https:\/\/www.katina-georgoulas.de\/\" class=\"more-link\"><span class=\"screen-reader-text\">\u201eKatina Georgoulas\u201c <\/span>weiterlesen<\/a><\/p>\n","protected":false},"author":1,"featured_media":0,"parent":0,"menu_order":0,"comment_status":"closed","ping_status":"closed","template":"","meta":{"ngg_post_thumbnail":0,"footnotes":""},"class_list":["post-89","page","type-page","status-publish","hentry"],"_links":{"self":[{"href":"https:\/\/www.katina-georgoulas.de\/index.php\/wp-json\/wp\/v2\/pages\/89","targetHints":{"allow":["GET"]}}],"collection":[{"href":"https:\/\/www.katina-georgoulas.de\/index.php\/wp-json\/wp\/v2\/pages"}],"about":[{"href":"https:\/\/www.katina-georgoulas.de\/index.php\/wp-json\/wp\/v2\/types\/page"}],"author":[{"embeddable":true,"href":"https:\/\/www.katina-georgoulas.de\/index.php\/wp-json\/wp\/v2\/users\/1"}],"replies":[{"embeddable":true,"href":"https:\/\/www.katina-georgoulas.de\/index.php\/wp-json\/wp\/v2\/comments?post=89"}],"version-history":[{"count":3,"href":"https:\/\/www.katina-georgoulas.de\/index.php\/wp-json\/wp\/v2\/pages\/89\/revisions"}],"predecessor-version":[{"id":437,"href":"https:\/\/www.katina-georgoulas.de\/index.php\/wp-json\/wp\/v2\/pages\/89\/revisions\/437"}],"wp:attachment":[{"href":"https:\/\/www.katina-georgoulas.de\/index.php\/wp-json\/wp\/v2\/media?parent=89"}],"curies":[{"name":"wp","href":"https:\/\/api.w.org\/{rel}","templated":true}]}}