{"id":564,"date":"2025-04-04T21:40:48","date_gmt":"2025-04-04T19:40:48","guid":{"rendered":"https:\/\/www.katina-georgoulas.de\/?page_id=564"},"modified":"2025-04-04T21:40:48","modified_gmt":"2025-04-04T19:40:48","slug":"datenschutz","status":"publish","type":"page","link":"https:\/\/www.katina-georgoulas.de\/index.php\/datenschutz\/","title":{"rendered":"Datenschutz"},"content":{"rendered":"<h1 class=\"western\"><span style=\"color: #000000;\"><span style=\"font-family: Verdana, serif;\"><span style=\"font-size: medium;\">DATENSCHUTZERKL\u00c4RUNG<\/span><\/span><\/span><\/h1>\n<p><span style=\"font-family: Times New Roman, serif;\"><span style=\"font-size: medium;\"><b><span style=\"color: #000000;\"><span style=\"font-family: Verdana, serif;\">Datenschutzhinweise nach Art. 13 EU-Datenschutz-Grundverordnung (DSGVO)<\/span><\/span><\/b><span style=\"color: #000000;\"><span style=\"font-family: Verdana, serif;\"><b><br \/>\n<\/b><\/span><\/span><span style=\"color: #000000;\"><span style=\"font-family: Verdana, serif;\">Im Folgenden informiere ich \u00fcber die Verarbeitung personenbezogener Daten bei der Nutzung meiner Website&nbsp; www.katina-georgoulas.de. Personenbezogene Daten sind alle Daten, die auf Sie pers\u00f6nlich beziehbar sind, z. B. Name, Adresse, E-Mail-Adressen, Nutzerverhalten.<\/span><\/span><\/span><\/span><\/p>\n<h3 class=\"western\"><span style=\"color: #000000;\"><span style=\"font-family: Verdana, serif;\"><span style=\"font-size: medium;\">Name und Kontaktdaten der f\u00fcr die Verarbeitung Verantwortlichen<\/span><\/span><\/span><\/h3>\n<p><span style=\"font-family: Times New Roman, serif;\"><span style=\"font-size: medium;\"><b><span style=\"color: #000000;\"><span style=\"font-family: Verdana, serif;\">Verantwortliche gem. Art. 4 Abs. 7 EU-Datenschutz-Grundverordnung (DSGVO) ist:<\/span><\/span><\/b><span style=\"color: #000000;\"><span style=\"font-family: Verdana, serif;\"><b><br \/>\n<\/b><\/span><\/span><\/span><\/span><\/p>\n<p><span style=\"font-family: Times New Roman, serif;\"><span style=\"font-size: medium;\"><span style=\"color: #000000;\"><span style=\"font-family: Verdana, serif;\">Katina Georgoulas<br \/>\nSchlegelstr. 9<br \/>\n+49 (0)421 591360<br \/>\nkatina@georgoulas.de<\/span><\/span><span style=\"color: #000000;\"><span style=\"font-family: Verdana, serif;\"><br \/>\n<\/span><\/span><span style=\"color: #000000;\"><span style=\"font-family: Verdana, serif;\">www.katina-georgoulas.de<\/span><\/span><\/span><\/span><\/p>\n<p><span style=\"font-family: Times New Roman, serif;\"><span style=\"font-size: medium;\"><span style=\"color: #000000;\"><span style=\"font-family: Verdana, serif;\">Verantwortliche Stelle ist die nat\u00fcrliche oder juristische Person, die allein oder gemeinsam mit anderen \u00fcber die Zwecke und Mittel der Verarbeitung von personenbezogenen Daten (z. B. Namen, E-Mail-Adressen o. \u00c4.) entscheidet.<\/span><\/span><\/span><\/span><\/p>\n<h3 class=\"western\"><span style=\"color: #000000;\"><span style=\"font-family: Verdana, serif;\"><span style=\"font-size: medium;\">Hosting<\/span><\/span><\/span><\/h3>\n<p><span style=\"font-family: Times New Roman, serif;\"><span style=\"font-size: medium;\"><b><span style=\"color: #000000;\"><span style=\"font-family: Verdana, serif;\">HostEurope<\/span><\/span><\/b><span style=\"color: #000000;\"><span style=\"font-family: Verdana, serif;\"><br \/>\nIch hoste meine Website bei HostEurope. Anbieter ist die Host Europe GmbH, c\/o WeWork Wallarkaden, Pilgrimstra\u00dfe 6, 50674 K\u00f6ln (nachfolgend \u201eHostEurope\u201c). Wenn Sie meine Website besuchen, erfasst HostEurope verschiedene Logfiles inklusive Ihrer IP-Adressen. Weitere Informationen entnehmen Sie der Datenschutzerkl\u00e4rung von HostEurope: https:\/\/www.hosteurope.de\/AGB\/Datenschutzerklaerung\/<\/span><\/span><\/span><\/span><\/p>\n<p><span style=\"font-family: Times New Roman, serif;\"><span style=\"font-size: medium;\"><span style=\"color: #000000;\"><span style=\"font-family: Verdana, serif;\">Die Verwendung von Hosteurope erfolgt auf Grundlage von Art. 6 Abs. 1 lit. f DSGVO. Ich habe ein berechtigtes Interesse an einer m\u00f6glichst zuverl\u00e4ssigen Darstellung meiner Website. Sofern eine entsprechende Einwilligung abgefragt wurde, erfolgt die Verarbeitung ausschlie\u00dflich auf Grundlage von Art. 6 Abs. 1 lit. a DSGVO und \u00a7 25 Abs. 1 TDDDG, soweit die Einwilligung die Speicherung von Cookies oder den Zugriff auf Informationen im Endger\u00e4t des Nutzers (z. B. Device-Fingerprinting) im Sinne des TTDSG umfasst. Die Einwilligung ist jederzeit widerrufbar.<\/span><\/span><\/span><\/span><\/p>\n<h3 class=\"western\"><span style=\"color: #000000;\"><span style=\"font-family: Verdana, serif;\"><span style=\"font-size: medium;\">Erhebung und Speicherung personenbezogener Daten sowie Art und Zweck von deren Verwendung<\/span><\/span><\/span><\/h3>\n<p><span style=\"font-family: Times New Roman, serif;\"><span style=\"font-size: medium;\"><b><span style=\"color: #000000;\"><span style=\"font-family: Verdana, serif;\">Beim Besuch der Website<\/span><\/span><\/b><span style=\"color: #000000;\"><span style=\"font-family: Verdana, serif;\"><b><br \/>\n<\/b><\/span><\/span><span style=\"color: #000000;\"><span style=\"font-family: Verdana, serif;\">Beim Aufrufen meiner Website <\/span><\/span><a href=\"https:\/\/www.katina-georgoulas.de\/\"><span style=\"color: #00000a;\"><span style=\"font-family: Verdana, serif;\">www.katina-georgoulas.de<\/span><\/span><\/a><span style=\"color: #000000;\"><span style=\"font-family: Verdana, serif;\"> werden durch den auf Ihrem Endger\u00e4t zum Einsatz kommenden Browser automatisch Informationen an den Server meiner Website gesendet. Diese Informationen werden tempor\u00e4r in einem sog. Logfile gespeichert. Folgende Informationen werden dabei ohne Ihr Zutun erfasst und bis zur automatisierten L\u00f6schung gespeichert:<br \/>\n&#8211; IP-Adresse<br \/>\n&#8211; Datum und Uhrzeit der Anfrage<br \/>\n&#8211; Zeitzonendifferenz zur Greenwich Mean Time (GMT)<br \/>\n&#8211; Inhalt der Anforderung (konkrete Seite)<br \/>\n&#8211; Zugriffsstatus\/HTTP-Statuscode<br \/>\n&#8211; jeweils \u00fcbertragene Datenmenge<br \/>\n&#8211; Website, von der die Anforderung kommt<br \/>\n&#8211; Browser<br \/>\n&#8211; Betriebssystem und dessen Oberfl\u00e4che<br \/>\n&#8211; Sprache und Version der Browsersoftware.<\/span><\/span><\/span><\/span><\/p>\n<p><span style=\"font-family: Times New Roman, serif;\"><span style=\"font-size: medium;\"><b><span style=\"color: #000000;\"><span style=\"font-family: Verdana, serif;\">Die genannten Daten werden durch mich zu folgenden Zwecken verarbeitet:<\/span><\/span><\/b><span style=\"color: #000000;\"><span style=\"font-family: Verdana, serif;\"><b><br \/>\n<\/b><\/span><\/span><span style=\"color: #000000;\"><span style=\"font-family: Verdana, serif;\">&#8211; Gew\u00e4hrleistung eines reibungslosen Verbindungsaufbaus der Website,<br \/>\n&#8211; Gew\u00e4hrleistung einer komfortablen Nutzung unserer Website,<br \/>\n&#8211; Auswertung der Systemsicherheit und -stabilit\u00e4t sowie<br \/>\n&#8211; zu weiteren administrativen Zwecken.<br \/>\nDie Rechtsgrundlage f\u00fcr die Datenverarbeitung ist Art. 6 Abs. 1 S. 1 lit. f DSGVO. Mein berechtigtes Interesse folgt aus oben aufgelisteten Zwecken zur Datenerhebung. In keinem Fall verwende ich die erhobenen Daten zu dem Zweck, R\u00fcckschl\u00fcsse auf Ihre Person zu ziehen.<\/span><\/span><\/span><\/span><\/p>\n<p><a name=\"_GoBack\"><\/a> <span style=\"font-family: Times New Roman, serif;\"><span style=\"font-size: medium;\"><b><span style=\"color: #000000;\"><span style=\"font-family: Verdana, serif;\">Bei der Kontaktaufnahme per E-Mail<\/span><\/span><\/b><span style=\"color: #000000;\"><span style=\"font-family: Verdana, serif;\"><b><br \/>\n<\/b><\/span><\/span><span style=\"color: #000000;\"><span style=\"font-family: Verdana, serif;\">Bei Ihrer Kontaktaufnahme mit mir per E-Mail werden die von Ihnen dabei mitgeteilten Daten (z.B. Ihre E-Mail-Adresse, ggf. Ihr Name, ihr Alter und Ihre Telefonnummer) von mir gespeichert, um Ihre Fragen zu beantworten oder Ihnen gew\u00fcnschte Informationen und Einladungen zu senden. Die in diesem Zusammenhang anfallenden Daten l\u00f6sche ich, nachdem die Speicherung nicht mehr erforderlich ist, oder schr\u00e4nke die Verarbeitung ein, falls gesetzliche Aufbewahrungspflichten bestehen. Rechtsgrundlage ist bei allgemeinen Anfragen ist \u00a7 Art. 6 Abs. 1 S. 1 lit. f DSGVO oder, sofern die Kontaktaufnahme zur Vertragsanbahnung (z.B.Kaufvertrag) erfolgt, \u00a7 Art. 6 Abs. 1 S. 1 lit. b DSGVO.<\/span><\/span><\/span><\/span><\/p>\n<p><span style=\"font-family: Times New Roman, serif;\"><span style=\"font-size: medium;\"><b><span style=\"color: #000000;\"><span style=\"font-family: Verdana, serif;\">Einsatz von Cookies<\/span><\/span><\/b><span style=\"color: #000000;\"><span style=\"font-family: Verdana, serif;\"><b><br \/>\n<\/b><\/span><\/span><span style=\"color: #000000;\"><span style=\"font-family: Verdana, serif;\">Ich setze keine Cookies ein.<\/span><\/span><\/span><\/span><\/p>\n<p><span style=\"font-family: Times New Roman, serif;\"><span style=\"font-size: medium;\"><b><span style=\"color: #000000;\"><span style=\"font-family: Verdana, serif;\">Analyse- und Tracking-Dienste<\/span><\/span><\/b><span style=\"color: #000000;\"><span style=\"font-family: Verdana, serif;\"><b><br \/>\n<\/b><\/span><\/span><span style=\"color: #000000;\"><span style=\"font-family: Verdana, serif;\">Analyse- oder Tracking-Dienste zur Analyse des Nutzerverhaltens kommen auf meiner Website nicht zum Einsatz.<\/span><\/span><\/span><\/span><\/p>\n<p><span style=\"font-family: Times New Roman, serif;\"><span style=\"font-size: medium;\"><b><span style=\"color: #000000;\"><span style=\"font-family: Verdana, serif;\">Weitergabe von Daten<\/span><\/span><\/b><span style=\"color: #000000;\"><span style=\"font-family: Verdana, serif;\"><b><br \/>\n<\/b><\/span><\/span><span style=\"color: #000000;\"><span style=\"font-family: Verdana, serif;\">Eine \u00dcbermittlung Ihrer pers\u00f6nlichen Daten an Dritte zu anderen als den im Folgenden aufgef\u00fchrten Zwecken findet nicht statt. Ich gebe Ihre pers\u00f6nlichen Daten nur an Dritte weiter, wenn:<br \/>\nSie Ihre nach Art. 6 Abs. 1 S. 1 lit. a DSGVO ausdr\u00fcckliche Einwilligung dazu erteilt haben, die Weitergabe nach Art. 6 Abs. 1 S. 1 lit. f DSGVO und kein Grund zur Annahme besteht, dass Sie ein \u00fcberwiegendes schutzw\u00fcrdiges Interesse an der Nichtweitergabe Ihrer Daten haben, f\u00fcr den Fall, dass f\u00fcr die Weitergabe nach Art. 6 Abs. 1 S. 1 lit.c DSGVO eine gesetzliche Verpflichtung besteht, sowie dies gesetzlich zul\u00e4ssig und nach Art. 6 Abs. 1 S. 1 lit. b DSGVO f\u00fcr die Abwicklung von Vertragsverh\u00e4ltnissen mit Ihnen erforderlich ist.<br \/>\nDar\u00fcber hinaus bediene ich mich im Rahmen der technischen und organisatorischen Abwicklung externer Dienstleister. Diese sind z.B. Dienstleister f\u00fcr das Webhosting, f\u00fcr den Emailversand und f\u00fcr die Wartung und Pflege meines&nbsp;IT-Systems. Dienstleister wurden von mir sorgf\u00e4ltig ausgew\u00e4hlt und mit ihnen werden schriftliche Vertr\u00e4ge \u00fcber die Auftragsdatenverarbeitung geschlossen.<\/span><\/span><\/span><\/span><\/p>\n<h2 class=\"western\"><\/h2>\n<h2 class=\"western\"><span style=\"color: #000000;\"><span style=\"font-family: Verdana, serif;\"><span style=\"font-size: medium;\">Betroffenenrechte<\/span><\/span><\/span><\/h2>\n<p><span style=\"font-family: Times New Roman, serif;\"><span style=\"font-size: medium;\"><span style=\"color: #000000;\"><span style=\"font-family: Verdana, serif;\">Sie haben mir gegen\u00fcber folgende Rechte hinsichtlich der Sie betreffenden personenbezogenen Daten:<\/span><\/span><\/span><\/span><\/p>\n<p><span style=\"font-family: Times New Roman, serif;\"><span style=\"font-size: medium;\"><b><span style=\"color: #000000;\"><span style=\"font-family: Verdana, serif;\">(1) Recht auf Auskunft<\/span><\/span><\/b><span style=\"color: #000000;\"><span style=\"font-family: Verdana, serif;\"><b><br \/>\n<\/b><\/span><\/span><span style=\"color: #000000;\"><span style=\"font-family: Verdana, serif;\">Sie haben gem\u00e4\u00df Art. 15 DSGVO das Recht, jederzeit von mir Auskunft \u00fcber Ihre von mir verarbeiteten personenbezogenen Daten zu verlangen. Sie k\u00f6nnen dabei insbesondere Auskunft verlangen \u00fcber<br \/>\n&#8211; die Verarbeitungszwecke,<br \/>\n&#8211; die Kategorien der personenbezogenen Daten, die verarbeitet werden,<br \/>\n&#8211; die Empf\u00e4nger oder Kategorien von Empf\u00e4ngern, gegen\u00fcber denen Ihre Daten offen-gelegt worden sind oder noch werden,<br \/>\n&#8211; die geplante Speicherdauer oder falls diese Angabe nicht m\u00f6glich ist, die Kriterien f\u00fcr die Festlegung der Dauer,<br \/>\n&#8211; das Bestehen eines Rechts auf Berichtigung, L\u00f6schung, Einschr\u00e4nkung der Verarbeitung oder Widerspruch,<br \/>\n&#8211; das Bestehen eines Beschwerderechts,<br \/>\n&#8211; die Herkunft Ihrer personenbezogenen Daten, sofern diese nicht bei mir erhoben wurden,<br \/>\n&#8211; sowie \u00fcber das Bestehen einer automatisierten Entscheidungsfindung einschlie\u00dflich Profiling und ggf. aussagekr\u00e4ftigen Informationen \u00fcber die involvierte Logik und Tragweite sowie Auswirkungen dieser Verarbeitung f\u00fcr Sie.<br \/>\nSie haben ferner das Recht, Auskunft dar\u00fcber zu verlangen, ob Ihre personenbezogene Daten in ein Drittland oder eine internationale Organisation \u00fcbermittelt werden, und diesbez\u00fcglich \u00fcber geeignete Garantien gem\u00e4\u00df Artikel 46 DSGVO unterrichtet zu werden.<\/span><\/span><\/span><\/span><\/p>\n<p><span style=\"font-family: Times New Roman, serif;\"><span style=\"font-size: medium;\"><b><span style=\"color: #000000;\"><span style=\"font-family: Verdana, serif;\">(2) Recht auf Berichtigung oder Vervollst\u00e4ndigung<\/span><\/span><\/b><span style=\"color: #000000;\"><span style=\"font-family: Verdana, serif;\"><b><br \/>\n<\/b><\/span><\/span><span style=\"color: #000000;\"><span style=\"font-family: Verdana, serif;\">Sie haben gem\u00e4\u00df Art. 16 DSGVO das Recht, unverz\u00fcglich die Berichtigung oder Vervollst\u00e4ndigung Ihrer bei mir gespeicherten personenbezogenen Daten zu verlangen.<\/span><\/span><\/span><\/span><\/p>\n<p><span style=\"font-family: Times New Roman, serif;\"><span style=\"font-size: medium;\"><b><span style=\"color: #000000;\"><span style=\"font-family: Verdana, serif;\">(3) Recht auf L\u00f6schung<\/span><\/span><\/b><span style=\"color: #000000;\"><span style=\"font-family: Verdana, serif;\"><b><br \/>\n<\/b><\/span><\/span><span style=\"color: #000000;\"><span style=\"font-family: Verdana, serif;\">Sie haben gem\u00e4\u00df Art. 17 DSGVO das Recht, die unverz\u00fcgliche L\u00f6schung Ihrer bei mir gespeicherten personenbezogenen Daten zu verlangen. Ich bin nach Geltendmachung dieses Rechts durch Sie zu L\u00f6schung Ihrer personenbezogenen Daten verpflichtet, soweit ich nicht rechtlich zur einer weiteren Verarbeitung Ihrer personenbezogenen Daten verpflichtet oder berechtigt bin.<\/span><\/span><\/span><\/span><\/p>\n<p><span style=\"font-family: Times New Roman, serif;\"><span style=\"font-size: medium;\"><b><span style=\"color: #000000;\"><span style=\"font-family: Verdana, serif;\">(4) Recht auf Einschr\u00e4nkung der Verarbeitung<\/span><\/span><\/b><span style=\"color: #000000;\"><span style=\"font-family: Verdana, serif;\"><b><br \/>\n<\/b><\/span><\/span><span style=\"color: #000000;\"><span style=\"font-family: Verdana, serif;\">Sie haben gem\u00e4\u00df Art. 18 DSGVO das Recht, die Einschr\u00e4nkung der Verarbeitung Ihrer personenbezogenen Daten zu verlangen, soweit<br \/>\n&#8211; die Richtigkeit der Daten von Ihnen bestritten wird,<br \/>\n&#8211; die Verarbeitung unrechtm\u00e4\u00dfig ist, Sie aber deren L\u00f6schung ablehnen,<br \/>\n&#8211; ich die Daten f\u00fcr die Zwecke der Verarbeitung nicht l\u00e4nger ben\u00f6tige, Sie diese jedoch zur Geltendmachung, Aus\u00fcbung oder Verteidigung von Rechtsanspr\u00fcchen ben\u00f6tigen,<br \/>\n&#8211; oder Sie gem\u00e4\u00df Art. 21 DSGVO Widerspruch gegen die Verarbeitung eingelegt haben und noch nicht feststeht, ob meine berechtigten Interessen \u00fcberwiegen.<\/span><\/span><\/span><\/span><\/p>\n<p><span style=\"font-family: Times New Roman, serif;\"><span style=\"font-size: medium;\"><b><span style=\"color: #000000;\"><span style=\"font-family: Verdana, serif;\">(5) Recht auf Daten\u00fcbertragbarkeit<\/span><\/span><\/b><span style=\"color: #000000;\"><span style=\"font-family: Verdana, serif;\"><b><br \/>\n<\/b><\/span><\/span><span style=\"color: #000000;\"><span style=\"font-family: Verdana, serif;\">Sie haben gem\u00e4\u00df Art. 20 DSGVO das Recht, die Sie betreffenden personenbezogenen Daten, die Sie mir bereit gestellt haben, in einem strukturierten, g\u00e4ngigen und maschinenlesbaren Format zu erhalten oder die \u00dcbermittlung dieser Daten an einen anderen Verantwortlichen zu verlangen.<\/span><\/span><\/span><\/span><\/p>\n<p><span style=\"font-family: Times New Roman, serif;\"><span style=\"font-size: medium;\"><b><span style=\"color: #000000;\"><span style=\"font-family: Verdana, serif;\">Recht auf Widerspruch gegen die Verarbeitung Ihrer Daten<\/span><\/span><\/b><span style=\"color: #000000;\"><span style=\"font-family: Verdana, serif;\"><b><br \/>\n<\/b><\/span><\/span><span style=\"color: #000000;\"><span style=\"font-family: Verdana, serif;\">(1) Sie haben gem\u00e4\u00df Art. 21 Abs.1 DSGVO das Recht, aus Gr\u00fcnden, die sich aus Ihrer besonderen Situation ergeben, jederzeit gegen die Verarbeitung Sie betreffender personenbezogenen Daten, die aufgrund von Art.6 Abs.1 lit. e oder f DSGVO erfolgt, Widerspruch einzulegen; dies gilt auch f\u00fcr ein auf diese Bestimmungen gest\u00fctztes Profiling. Sofern Sie dieser Datenverarbeitung widersprochen haben, verarbeite ich die Sie betreffenden personenbezogenen Daten nicht mehr, es sei denn, ich kann zwingende schutzw\u00fcrdige Gr\u00fcnde f\u00fcr die Verarbeitung nachweisen, die Ihre Interessen, Rechte und Freiheiten \u00fcberwiegen.<\/p>\n<p>(2) Sofern ich Ihre personenbezogenen Daten verarbeite, um Direktwerbung zu betreiben, haben Sie gem\u00e4\u00df Art. 21 Abs.2 DSGVO das Recht, jederzeit Widerspruch gegen die Verarbeitung Sie betreffender personenbezogener Daten zum Zwecke derartiger Werbung einzulegen; dies gilt auch f\u00fcr das Profiling, soweit es mit solcher Direktwerbung in Verbindung steht. Haben Sie Widerspruch eingelegt, verarbeite ich die Sie betreffenden personenbezogenen Daten nicht mehr f\u00fcr diese Zwecke.<\/p>\n<p>(3) Wenn Sie Ihr Widerspruchsrecht aus\u00fcben m\u00f6chten, gen\u00fcgt eine Email an meine Emailadresse: katina@georgoulas.de.<br \/>\nRecht auf Widerruf der Einwilligungserkl\u00e4rung<br \/>\nFalls Sie eine Einwilligung zur Verarbeitung Ihrer Daten erteilt haben, k\u00f6nnen Sie diese jederzeit widerrufen. Durch den Widerruf der Einwilligung wird die Rechtm\u00e4\u00dfigkeit der aufgrund der Einwilligung bis zum Widerruf erfolgten Verarbeitung nicht ber\u00fchrt.<\/span><\/span><\/span><\/span><\/p>\n<h3 class=\"western\"><span style=\"color: #000000;\"><span style=\"font-family: Verdana, serif;\"><span style=\"font-size: medium;\">Beschwerderecht<\/span><\/span><\/span><\/h3>\n<p><span style=\"font-family: Times New Roman, serif;\"><span style=\"font-size: medium;\"><span style=\"color: #000000;\"><span style=\"font-family: Verdana, serif;\">Sie haben unbeschadet eines anderweitigen verwaltungsrechtlichen oder gerichtlichen Rechtsbehelfs gem\u00e4\u00df Art. 77 DSGVO das Recht auf Beschwerde bei einer Aufsichtsbeh\u00f6rde, insbesondere in dem Mitgliedstaat Ihres Aufenthaltsorts, Ihres Arbeitsplatzes oder des Orts des mutma\u00dflichen Versto\u00dfes, wenn Sie der Ansicht sind, dass die Verarbeitung der Sie betreffenden personenbezogenen Daten gegen die DSGVO verst\u00f6\u00dft.<\/span><\/span><\/span><\/span><\/p>\n<h3 class=\"western\"><span style=\"color: #000000;\"><span style=\"font-family: Verdana, serif;\"><span style=\"font-size: medium;\">Aktualit\u00e4t und \u00c4nderung dieser Datenschutzerkl\u00e4rung<\/span><\/span><\/span><\/h3>\n<p><span style=\"font-family: Times New Roman, serif;\"><span style=\"font-size: medium;\"><span style=\"color: #000000;\"><span style=\"font-family: Verdana, serif;\">Diese Datenschutzerkl\u00e4rung ist aktuell g\u00fcltig und hat den Stand 21.03.25.&nbsp;Aufgrund von \u00c4nderungen und Weiterentwicklungen unseres Internetauftritts oder aufgrund ge\u00e4nderter beh\u00f6rdlicher oder gesetzlicher Vorgaben kann es notwendig werden, diese Datenschutzerkl\u00e4rung zu \u00e4ndern. Die jeweils aktuelle Datenschutzerkl\u00e4rung k\u00f6nnen Sie jederzeit auf meiner Website unter <\/span><\/span><a href=\"https:\/\/www.katina-georgoulas.de\/\"><span style=\"color: #000000;\"><span style=\"font-family: Verdana, serif;\">www.katina-georgoulas.de<\/span><\/span><\/a><span style=\"color: #000000;\"><span style=\"font-family: Verdana, serif;\"> abrufen, mithilfe der entsprechenden Browserfunktion speichern und\/oder ausdrucken.&nbsp;<\/span><\/span><\/span><\/span><\/p>\n","protected":false},"excerpt":{"rendered":"<p>DATENSCHUTZERKL\u00c4RUNG Datenschutzhinweise nach Art. 13 EU-Datenschutz-Grundverordnung (DSGVO) Im Folgenden informiere ich \u00fcber die Verarbeitung personenbezogener Daten bei der Nutzung meiner Website&nbsp; www.katina-georgoulas.de. Personenbezogene Daten sind alle Daten, die auf Sie pers\u00f6nlich beziehbar sind, z. B. Name, Adresse, E-Mail-Adressen, Nutzerverhalten. Name und Kontaktdaten der f\u00fcr die Verarbeitung Verantwortlichen Verantwortliche gem. Art. 4 Abs. 7 EU-Datenschutz-Grundverordnung (DSGVO) &hellip; <\/p>\n<p class=\"link-more\"><a href=\"https:\/\/www.katina-georgoulas.de\/index.php\/datenschutz\/\" class=\"more-link\"><span class=\"screen-reader-text\">\u201eDatenschutz\u201c <\/span>weiterlesen<\/a><\/p>\n","protected":false},"author":1,"featured_media":0,"parent":0,"menu_order":0,"comment_status":"closed","ping_status":"closed","template":"","meta":{"ngg_post_thumbnail":0,"footnotes":""},"class_list":["post-564","page","type-page","status-publish","hentry"],"_links":{"self":[{"href":"https:\/\/www.katina-georgoulas.de\/index.php\/wp-json\/wp\/v2\/pages\/564","targetHints":{"allow":["GET"]}}],"collection":[{"href":"https:\/\/www.katina-georgoulas.de\/index.php\/wp-json\/wp\/v2\/pages"}],"about":[{"href":"https:\/\/www.katina-georgoulas.de\/index.php\/wp-json\/wp\/v2\/types\/page"}],"author":[{"embeddable":true,"href":"https:\/\/www.katina-georgoulas.de\/index.php\/wp-json\/wp\/v2\/users\/1"}],"replies":[{"embeddable":true,"href":"https:\/\/www.katina-georgoulas.de\/index.php\/wp-json\/wp\/v2\/comments?post=564"}],"version-history":[{"count":2,"href":"https:\/\/www.katina-georgoulas.de\/index.php\/wp-json\/wp\/v2\/pages\/564\/revisions"}],"predecessor-version":[{"id":568,"href":"https:\/\/www.katina-georgoulas.de\/index.php\/wp-json\/wp\/v2\/pages\/564\/revisions\/568"}],"wp:attachment":[{"href":"https:\/\/www.katina-georgoulas.de\/index.php\/wp-json\/wp\/v2\/media?parent=564"}],"curies":[{"name":"wp","href":"https:\/\/api.w.org\/{rel}","templated":true}]}}