{"id":42,"date":"2018-04-30T17:23:41","date_gmt":"2018-04-30T15:23:41","guid":{"rendered":"http:\/\/katina-georgoulas.de\/wordpress\/?page_id=42"},"modified":"2018-05-16T11:42:50","modified_gmt":"2018-05-16T09:42:50","slug":"vita","status":"publish","type":"page","link":"https:\/\/www.katina-georgoulas.de\/index.php\/katina-georgoulas\/vita\/","title":{"rendered":"Vita"},"content":{"rendered":"\n<table id=\"tablepress-1\" class=\"tablepress tablepress-id-1\">\n<tbody class=\"row-striping row-hover\">\n<tr class=\"row-1\">\n\t<td class=\"column-1\">1960<\/td><td class=\"column-2\">in Bremen geboren<\/td>\n<\/tr>\n<tr class=\"row-2\">\n\t<td class=\"column-1\">1979<\/td><td class=\"column-2\">Studium in Sion\/Schweiz, an der Ecole des Beaux Arts<\/td>\n<\/tr>\n<tr class=\"row-3\">\n\t<td class=\"column-1\">1984-89<\/td><td class=\"column-2\">Studium an der Hochschule f\u00fcr K\u00fcnste in Bremen, Abschluss mit <br \/>\nDiplom Freie Bildende Kunst<br \/>\n<\/td>\n<\/tr>\n<tr class=\"row-4\">\n\t<td class=\"column-1\">1989-2000<\/td><td class=\"column-2\">freischaffend t\u00e4tig, Ausstellungsbeteiligungen, Beteiligungen an Kunstprojekten in Bremen, Gr\u00fcndungsmitglied der K\u00fcnstlergruppe Take Five, Auftragsarbeiten<\/td>\n<\/tr>\n<tr class=\"row-5\">\n\t<td class=\"column-1\">seit 2001<\/td><td class=\"column-2\">freischaffende T\u00e4tigkeit im eigenen Atelier und Beginn der T\u00e4tigkeit an der GTS Buntentor, Bremen, im Bereich Kreativit\u00e4t mit Grundsch\u00fclerInnen<\/td>\n<\/tr>\n<tr class=\"row-6\">\n\t<td class=\"column-1\">seit 2009<\/td><td class=\"column-2\">Mitglied im BBK<\/td>\n<\/tr>\n<tr class=\"row-7\">\n\t<td class=\"column-1\">2010<\/td><td class=\"column-2\">Fortbildung als Multiplikatorin f\u00fcr die Publikation \u201eBewegung Kunst Leitfaden f\u00fcr Projekte \u00e4sthetischer Bildung\u201c bei dem Bundesverband des BKK, Berlin<\/td>\n<\/tr>\n<tr class=\"row-8\">\n\t<td class=\"column-1\">2012 <\/td><td class=\"column-2\">Dozentin an der VHS Bremen im Bereich \u201eFreie Malerei\u201c<\/td>\n<\/tr>\n<tr class=\"row-9\">\n\t<td class=\"column-1\">2013-2016<\/td><td class=\"column-2\">Ausbildung zur Erzieherin, Abschluss als staatlich gepr\u00fcfte Erzieherin<\/td>\n<\/tr>\n<tr class=\"row-10\">\n\t<td class=\"column-1\">2009-2022<\/td><td class=\"column-2\">Atelier im K\u00fcnstlerhaus Kap-Hornstr. 7-9, Bremen<\/td>\n<\/tr>\n<tr class=\"row-11\">\n\t<td class=\"column-1\">2016-2021<\/td><td class=\"column-2\">Organisatorin der Veranstaltung\"offene ateliers Kap-Horn-Str. u.a.\", Bremen<\/td>\n<\/tr>\n<tr class=\"row-12\">\n\t<td class=\"column-1\">seit 2023<\/td><td class=\"column-2\">Atelier Schlegelstr. 9, Bremen<\/td>\n<\/tr>\n<\/tbody>\n<\/table>\n<!-- #tablepress-1 from cache -->\n","protected":false},"excerpt":{"rendered":"","protected":false},"author":1,"featured_media":0,"parent":89,"menu_order":0,"comment_status":"closed","ping_status":"closed","template":"","meta":{"ngg_post_thumbnail":0,"footnotes":""},"class_list":["post-42","page","type-page","status-publish","hentry"],"_links":{"self":[{"href":"https:\/\/www.katina-georgoulas.de\/index.php\/wp-json\/wp\/v2\/pages\/42","targetHints":{"allow":["GET"]}}],"collection":[{"href":"https:\/\/www.katina-georgoulas.de\/index.php\/wp-json\/wp\/v2\/pages"}],"about":[{"href":"https:\/\/www.katina-georgoulas.de\/index.php\/wp-json\/wp\/v2\/types\/page"}],"author":[{"embeddable":true,"href":"https:\/\/www.katina-georgoulas.de\/index.php\/wp-json\/wp\/v2\/users\/1"}],"replies":[{"embeddable":true,"href":"https:\/\/www.katina-georgoulas.de\/index.php\/wp-json\/wp\/v2\/comments?post=42"}],"version-history":[{"count":3,"href":"https:\/\/www.katina-georgoulas.de\/index.php\/wp-json\/wp\/v2\/pages\/42\/revisions"}],"predecessor-version":[{"id":61,"href":"https:\/\/www.katina-georgoulas.de\/index.php\/wp-json\/wp\/v2\/pages\/42\/revisions\/61"}],"up":[{"embeddable":true,"href":"https:\/\/www.katina-georgoulas.de\/index.php\/wp-json\/wp\/v2\/pages\/89"}],"wp:attachment":[{"href":"https:\/\/www.katina-georgoulas.de\/index.php\/wp-json\/wp\/v2\/media?parent=42"}],"curies":[{"name":"wp","href":"https:\/\/api.w.org\/{rel}","templated":true}]}}