{"id":4,"date":"2018-04-30T16:07:43","date_gmt":"2018-04-30T14:07:43","guid":{"rendered":"http:\/\/katina-georgoulas.de\/wordpress\/?page_id=4"},"modified":"2026-03-26T09:43:45","modified_gmt":"2026-03-26T08:43:45","slug":"startseite","status":"publish","type":"page","link":"https:\/\/www.katina-georgoulas.de\/index.php\/startseite\/","title":{"rendered":"Aktuelles"},"content":{"rendered":"\n<div class=\"wp-block-columns is-layout-flex wp-container-core-columns-is-layout-9d6595d7 wp-block-columns-is-layout-flex\">\n<div class=\"wp-block-column is-layout-flow wp-block-column-is-layout-flow\" style=\"flex-basis:100%\">\n<p class=\"has-text-align-left\"><br><strong>Kunst als Lebenswelt<\/strong><\/p>\n\n\n\n<p class=\"has-text-align-left\">Zur Zeit arbeite ich in der sch\u00f6nen K\u00fcnstlerst\u00e4tte in Stove an der Ostsee. Energie auftanken. Skizzieren, Malen und fotografieren\u2026<\/p>\n<\/div>\n<\/div>\n\n\n\n<p><\/p>\n\n\n\n<p><\/p>\n\n\n\n<p>Schaut gerne wieder rein !<\/p>\n\n\n\n<figure class=\"wp-block-image size-large\"><img decoding=\"async\" width=\"768\" height=\"1024\" src=\"https:\/\/www.katina-georgoulas.de\/wp-content\/uploads\/2026\/03\/IMG_7541-1-768x1024.jpeg\" alt=\"\" class=\"wp-image-585\" srcset=\"https:\/\/www.katina-georgoulas.de\/wp-content\/uploads\/2026\/03\/IMG_7541-1-768x1024.jpeg 768w, https:\/\/www.katina-georgoulas.de\/wp-content\/uploads\/2026\/03\/IMG_7541-1-225x300.jpeg 225w, https:\/\/www.katina-georgoulas.de\/wp-content\/uploads\/2026\/03\/IMG_7541-1-1152x1536.jpeg 1152w, https:\/\/www.katina-georgoulas.de\/wp-content\/uploads\/2026\/03\/IMG_7541-1-1536x2048.jpeg 1536w, https:\/\/www.katina-georgoulas.de\/wp-content\/uploads\/2026\/03\/IMG_7541-1-scaled.jpeg 1920w\" sizes=\"(max-width: 767px) 89vw, (max-width: 1000px) 54vw, (max-width: 1071px) 543px, 580px\" \/><\/figure>\n\n\n","protected":false},"excerpt":{"rendered":"<p>Kunst als Lebenswelt Zur Zeit arbeite ich in der sch\u00f6nen K\u00fcnstlerst\u00e4tte in Stove an der Ostsee. Energie auftanken. Skizzieren, Malen und fotografieren\u2026 Schaut gerne wieder rein !<\/p>\n","protected":false},"author":1,"featured_media":0,"parent":0,"menu_order":0,"comment_status":"closed","ping_status":"closed","template":"","meta":{"ngg_post_thumbnail":0,"footnotes":""},"class_list":["post-4","page","type-page","status-publish","hentry"],"_links":{"self":[{"href":"https:\/\/www.katina-georgoulas.de\/index.php\/wp-json\/wp\/v2\/pages\/4","targetHints":{"allow":["GET"]}}],"collection":[{"href":"https:\/\/www.katina-georgoulas.de\/index.php\/wp-json\/wp\/v2\/pages"}],"about":[{"href":"https:\/\/www.katina-georgoulas.de\/index.php\/wp-json\/wp\/v2\/types\/page"}],"author":[{"embeddable":true,"href":"https:\/\/www.katina-georgoulas.de\/index.php\/wp-json\/wp\/v2\/users\/1"}],"replies":[{"embeddable":true,"href":"https:\/\/www.katina-georgoulas.de\/index.php\/wp-json\/wp\/v2\/comments?post=4"}],"version-history":[{"count":26,"href":"https:\/\/www.katina-georgoulas.de\/index.php\/wp-json\/wp\/v2\/pages\/4\/revisions"}],"predecessor-version":[{"id":587,"href":"https:\/\/www.katina-georgoulas.de\/index.php\/wp-json\/wp\/v2\/pages\/4\/revisions\/587"}],"wp:attachment":[{"href":"https:\/\/www.katina-georgoulas.de\/index.php\/wp-json\/wp\/v2\/media?parent=4"}],"curies":[{"name":"wp","href":"https:\/\/api.w.org\/{rel}","templated":true}]}}